{"id":207,"date":"2025-11-18T18:09:01","date_gmt":"2025-11-18T18:09:01","guid":{"rendered":"https:\/\/ventrachcars.com\/services\/"},"modified":"2025-11-18T19:46:34","modified_gmt":"2025-11-18T19:46:34","slug":"services","status":"publish","type":"page","link":"https:\/\/ventrachcars.com\/?page_id=207","title":{"rendered":"Services"},"content":{"rendered":"\n<div class=\"wp-block-uagb-container uagb-layout-grid uagb-block-52a5e7a5 alignfull uagb-is-root-container\"><div class=\"uagb-container-inner-blocks-wrap\">\n<div class=\"wp-block-uagb-advanced-heading uagb-block-8f9583b5\"><div class=\"uagb-separator\"><\/div><h1 class=\"uagb-heading-text\">Unsere umfassenden Fahrzeugdienstleistungen<\/h1><\/div>\n\n\n\n<div class=\"wp-block-uagb-advanced-heading uagb-block-0a094371\"><p class=\"uagb-heading-text\">Entdecken Sie unser Angebot an Fahrzeugimport, -export und individuellem Service f\u00fcr eine transparente Autokauf-Erfahrung.<\/p><\/div>\n<\/div><\/div>\n\n\n\n<div class=\"wp-block-uagb-container uagb-block-6d4e3205 alignfull uagb-is-root-container\"><div class=\"uagb-container-inner-blocks-wrap\">\n<div class=\"wp-block-uagb-image uagb-block-41997195 wp-block-uagb-image--layout-default wp-block-uagb-image--effect-static wp-block-uagb-image--align-none uag-hide-mob uag-blocks-common-selector\" style=\"--z-index-desktop:1;;--z-index-tablet:undefined;;--z-index-mobile:undefined;\"><figure class=\"wp-block-uagb-image__figure\"><img decoding=\"async\" srcset=\"https:\/\/ventrachcars.com\/wp-content\/uploads\/2025\/11\/pexels-photo-164634-164634-1024x768.jpg ,https:\/\/ventrachcars.com\/wp-content\/uploads\/2025\/11\/pexels-photo-164634-164634-scaled.jpg 780w, https:\/\/ventrachcars.com\/wp-content\/uploads\/2025\/11\/pexels-photo-164634-164634-scaled.jpg 360w\" sizes=\"auto, (max-width: 480px) 150px\" src=\"https:\/\/ventrachcars.com\/wp-content\/uploads\/2025\/11\/pexels-photo-164634-164634-1024x768.jpg\" alt=\"Luxury cars lined up at an outdoor dealership, showcasing sleek designs.\" class=\"uag-image-270\" width=\"1200\" height=\"400\" title=\"pexels photo 164634 164634\" loading=\"lazy\" role=\"img\"\/><\/figure><\/div>\n\n\n\n<div class=\"wp-block-uagb-container uagb-layout-grid uagb-block-f87c5a33\">\n<div class=\"wp-block-uagb-image uagb-block-d5cf57dc wp-block-uagb-image--layout-default wp-block-uagb-image--effect-static wp-block-uagb-image--align-none\"><figure class=\"wp-block-uagb-image__figure\"><img decoding=\"async\" srcset=\"https:\/\/ventrachcars.com\/wp-content\/uploads\/2025\/11\/pexels-photo-12924722.jpeg ,https:\/\/ventrachcars.com\/wp-content\/uploads\/2025\/11\/pexels-photo-12924722.jpeg 780w, https:\/\/ventrachcars.com\/wp-content\/uploads\/2025\/11\/pexels-photo-12924722.jpeg 360w\" sizes=\"auto, (max-width: 480px) 150px\" src=\"https:\/\/ventrachcars.com\/wp-content\/uploads\/2025\/11\/pexels-photo-12924722.jpeg\" alt=\"Close-up of a vintage Mercedes-Benz 280 SEL tail light and badge showcasing automotive elegance.\" class=\"uag-image-33\" width=\"420\" height=\"450\" title=\"services-01\" loading=\"lazy\" role=\"img\"\/><\/figure><\/div>\n\n\n\n<div class=\"wp-block-uagb-info-box uagb-block-e13864df uagb-infobox__content-wrap  uagb-infobox-icon-above-title uagb-infobox-image-valign-top\"><div class=\"uagb-ifb-content\"><div class=\"uagb-ifb-title-wrap\"><span class=\"uagb-ifb-title-prefix\">01<\/span><h2 class=\"uagb-ifb-title\">Fahrzeugimport<\/h2><\/div><p class=\"uagb-ifb-desc\">Unser Fahrzeugimport-Service bietet Ihnen die M\u00f6glichkeit, hochwertige Fahrzeuge aus ganz Europa importieren zu lassen. Wir k\u00fcmmern uns um alle notwendigen Formalit\u00e4ten, sodass Sie sich um nichts k\u00fcmmern m\u00fcssen. Jedes Fahrzeug durchl\u00e4uft bei uns eine umfassende Inspektion, um sicherzustellen, dass es den h\u00f6chsten Qualit\u00e4tsstandards entspricht. Vertrauen Sie auf unsere Erfahrung und unser Engagement f\u00fcr Transparenz, um das perfekte Fahrzeug zu importieren.<\/p><\/div><\/div>\n<\/div>\n\n\n\n<div class=\"wp-block-uagb-container uagb-layout-grid uagb-block-482412be\">\n<div class=\"wp-block-uagb-info-box uagb-block-438eb260 uagb-infobox__content-wrap  uagb-infobox-icon-above-title uagb-infobox-image-valign-top\"><div class=\"uagb-ifb-content\"><div class=\"uagb-ifb-title-wrap\"><span class=\"uagb-ifb-title-prefix\">02<\/span><h2 class=\"uagb-ifb-title\">Fahrzeugexport<\/h2><\/div><p class=\"uagb-ifb-desc\">Mit unserem Fahrzeugexport-Service unterst\u00fctzen wir Sie beim Verkauf Ihres Autos ins Ausland. Wir \u00fcbernehmen alle erforderlichen Zoll- und Transportformalit\u00e4ten, sodass der Export f\u00fcr Sie stressfrei und unkompliziert verl\u00e4uft. Unser Team sorgt f\u00fcr eine schnelle und sichere Abwicklung, damit Sie den bestm\u00f6glichen Preis f\u00fcr Ihr Fahrzeug erzielen k\u00f6nnen. Vertrauen Sie auf unsere Fachkenntnis und unser Netzwerk in Europa f\u00fcr einen reibungslosen Exportprozess.<\/p><\/div><\/div>\n\n\n\n<div class=\"wp-block-uagb-image uagb-block-9593fe77 wp-block-uagb-image--layout-default wp-block-uagb-image--effect-static wp-block-uagb-image--align-none\"><figure class=\"wp-block-uagb-image__figure\"><img decoding=\"async\" srcset=\"https:\/\/ventrachcars.com\/wp-content\/uploads\/2025\/11\/pexels-photo-11500968.jpeg ,https:\/\/ventrachcars.com\/wp-content\/uploads\/2025\/11\/pexels-photo-11500968.jpeg 780w, https:\/\/ventrachcars.com\/wp-content\/uploads\/2025\/11\/pexels-photo-11500968.jpeg 360w\" sizes=\"auto, (max-width: 480px) 150px\" src=\"https:\/\/ventrachcars.com\/wp-content\/uploads\/2025\/11\/pexels-photo-11500968.jpeg\" alt=\"A stylish black BMW parked indoors in a modern parking garage at night with glowing tail lights.\" class=\"uag-image-26\" width=\"420\" height=\"450\" title=\"services-02\" loading=\"lazy\" role=\"img\"\/><\/figure><\/div>\n<\/div>\n\n\n\n<div class=\"wp-block-uagb-container uagb-layout-grid uagb-block-bcade5ff\">\n<div class=\"wp-block-uagb-image uagb-block-3cb92e8a wp-block-uagb-image--layout-default wp-block-uagb-image--effect-static wp-block-uagb-image--align-none\"><figure class=\"wp-block-uagb-image__figure\"><img decoding=\"async\" srcset=\"https:\/\/ventrachcars.com\/wp-content\/uploads\/2025\/11\/pexels-photo-27972291.jpeg ,https:\/\/ventrachcars.com\/wp-content\/uploads\/2025\/11\/pexels-photo-27972291.jpeg 780w, https:\/\/ventrachcars.com\/wp-content\/uploads\/2025\/11\/pexels-photo-27972291.jpeg 360w\" sizes=\"auto, (max-width: 480px) 150px\" src=\"https:\/\/ventrachcars.com\/wp-content\/uploads\/2025\/11\/pexels-photo-27972291.jpeg\" alt=\"A black car drives along a road, passing large stacked cargo containers.\" class=\"uag-image-27\" width=\"420\" height=\"450\" title=\"services-03\" loading=\"lazy\" role=\"img\"\/><\/figure><\/div>\n\n\n\n<div class=\"wp-block-uagb-info-box uagb-block-3d8f6cce uagb-infobox__content-wrap  uagb-infobox-icon-above-title uagb-infobox-image-valign-top\"><div class=\"uagb-ifb-content\"><div class=\"uagb-ifb-title-wrap\"><span class=\"uagb-ifb-title-prefix\">03<\/span><h2 class=\"uagb-ifb-title\">Fahrzeugverkauf<\/h2><\/div><p class=\"uagb-ifb-desc\">Unser Fahrzeugverkaufs-Service bietet Ihnen die M\u00f6glichkeit, Ihr gebrauchtes Auto schnell und zu einem fairen Preis zu verkaufen. Wir bieten eine transparente Bewertung Ihres Fahrzeugs basierend auf dessen Zustand und Marktnachfrage. Unser Team k\u00fcmmert sich um alle Verkaufsdetails, von der Vermarktung bis zur Vertragsabwicklung. Durch unsere professionelle Handhabung gew\u00e4hrleisten wir, dass der Verkaufsprozess f\u00fcr Sie einfach und unkompliziert ist.<\/p><\/div><\/div>\n<\/div>\n\n\n\n<div class=\"wp-block-uagb-container uagb-layout-grid uagb-block-66b30793\">\n<div class=\"wp-block-uagb-info-box uagb-block-fda47be5 uagb-infobox__content-wrap  uagb-infobox-icon-above-title uagb-infobox-image-valign-top\"><div class=\"uagb-ifb-content\"><div class=\"uagb-ifb-title-wrap\"><span class=\"uagb-ifb-title-prefix\">04<\/span><h2 class=\"uagb-ifb-title\">Auto auf Anfrage<\/h2><\/div><p class=\"uagb-ifb-desc\">Mit unserem Auto auf Anfrage-Service bieten wir Ihnen eine personalisierte Suche nach Ihrem Traumfahrzeug. Geben Sie uns Ihre W\u00fcnsche bez\u00fcglich Marke, Modell, Budget und Ausstattungsmerkmalen an, und unser erfahrenes Team wird f\u00fcr Sie das beste verf\u00fcgbare Angebot finden. Wir \u00fcbernehmen die komplette Organisation, einschlie\u00dflich Inspektion, Preisverhandlung, Dokumentation und Transport. So k\u00f6nnen Sie sicher sein, dass Sie das richtige Fahrzeug zur richtigen Zeit erhalten \u2013 ganz ohne Stress.<\/p><\/div><\/div>\n\n\n\n<div class=\"wp-block-uagb-image uagb-block-15026c62 wp-block-uagb-image--layout-default wp-block-uagb-image--effect-static wp-block-uagb-image--align-none\"><figure class=\"wp-block-uagb-image__figure\"><img decoding=\"async\" srcset=\"https:\/\/ventrachcars.com\/wp-content\/uploads\/2025\/11\/pexels-photo-30809411.jpeg ,https:\/\/ventrachcars.com\/wp-content\/uploads\/2025\/11\/pexels-photo-30809411.jpeg 780w, https:\/\/ventrachcars.com\/wp-content\/uploads\/2025\/11\/pexels-photo-30809411.jpeg 360w\" sizes=\"auto, (max-width: 480px) 150px\" src=\"https:\/\/ventrachcars.com\/wp-content\/uploads\/2025\/11\/pexels-photo-30809411.jpeg\" alt=\"A stylish black Mercedes-Benz sedan parked on a roadside under a cloudy sky.\" class=\"uag-image-28\" width=\"420\" height=\"450\" title=\"services-04\" loading=\"lazy\" role=\"img\"\/><\/figure><\/div>\n<\/div>\n<\/div><\/div>\n\n\n\n<div class=\"wp-block-uagb-container uagb-layout-grid uagb-block-29a0aaa8 alignfull uagb-is-root-container\"><div class=\"uagb-container-inner-blocks-wrap\">\n<div class=\"wp-block-uagb-advanced-heading uagb-block-42bca5dd\"><div class=\"uagb-separator\"><\/div><h2 class=\"uagb-heading-text\">Kontaktieren Sie uns f\u00fcr Ihre Fahrzeugbed\u00fcrfnisse!<\/h2><\/div>\n\n\n\n<div class=\"wp-block-uagb-info-box uagb-block-620f6d21 uagb-infobox__content-wrap  uagb-infobox-icon-above-title uagb-infobox-image-valign-top\"><div class=\"uagb-ifb-content\"><div class=\"uagb-ifb-title-wrap\"><p class=\"uagb-ifb-title\">Wir freuen uns darauf, Ihnen zu helfen und Ihre Fragen schnell zu beantworten.<\/p><\/div><div class=\"uagb-ifb-button-wrapper wp-block-button\"><a href=\"contact\/\" class=\"uagb-infobox-cta-link wp-block-button__link\" target=\"_self\" rel=\"noopener noreferrer\" onclick=\"return true;\"><span class=\"uagb-inline-editing\">Jetzt entdecken<\/span><\/a><\/div><\/div><\/div>\n<\/div><\/div>\n","protected":false},"excerpt":{"rendered":"<p>Unsere umfassenden Fahrzeugdienstleistungen Entdecken Sie unser Angebot an Fahrzeugimport, -export und individuellem Service f\u00fcr eine transparente Autokauf-Erfahrung.<\/p>\n","protected":false},"author":1,"featured_media":0,"parent":0,"menu_order":0,"comment_status":"closed","ping_status":"closed","template":"","meta":{"_uag_custom_page_level_css":"","site-sidebar-layout":"default","site-content-layout":"","ast-site-content-layout":"default","site-content-style":"default","site-sidebar-style":"default","ast-global-header-display":"","ast-banner-title-visibility":"","ast-main-header-display":"","ast-hfb-above-header-display":"","ast-hfb-below-header-display":"","ast-hfb-mobile-header-display":"","site-post-title":"disabled","ast-breadcrumbs-content":"","ast-featured-img":"","footer-sml-layout":"","ast-disable-related-posts":"","theme-transparent-header-meta":"enabled","adv-header-id-meta":"","stick-header-meta":"","header-above-stick-meta":"","header-main-stick-meta":"","header-below-stick-meta":"","astra-migrate-meta-layouts":"default","ast-page-background-enabled":"default","ast-page-background-meta":{"desktop":{"background-color":"var(--ast-global-color-4)","background-image":"","background-repeat":"repeat","background-position":"center center","background-size":"auto","background-attachment":"scroll","background-type":"","background-media":"","overlay-type":"","overlay-color":"","overlay-opacity":"","overlay-gradient":""},"tablet":{"background-color":"","background-image":"","background-repeat":"repeat","background-position":"center center","background-size":"auto","background-attachment":"scroll","background-type":"","background-media":"","overlay-type":"","overlay-color":"","overlay-opacity":"","overlay-gradient":""},"mobile":{"background-color":"","background-image":"","background-repeat":"repeat","background-position":"center center","background-size":"auto","background-attachment":"scroll","background-type":"","background-media":"","overlay-type":"","overlay-color":"","overlay-opacity":"","overlay-gradient":""}},"ast-content-background-meta":{"desktop":{"background-color":"var(--ast-global-color-5)","background-image":"","background-repeat":"repeat","background-position":"center center","background-size":"auto","background-attachment":"scroll","background-type":"","background-media":"","overlay-type":"","overlay-color":"","overlay-opacity":"","overlay-gradient":""},"tablet":{"background-color":"var(--ast-global-color-5)","background-image":"","background-repeat":"repeat","background-position":"center center","background-size":"auto","background-attachment":"scroll","background-type":"","background-media":"","overlay-type":"","overlay-color":"","overlay-opacity":"","overlay-gradient":""},"mobile":{"background-color":"var(--ast-global-color-5)","background-image":"","background-repeat":"repeat","background-position":"center center","background-size":"auto","background-attachment":"scroll","background-type":"","background-media":"","overlay-type":"","overlay-color":"","overlay-opacity":"","overlay-gradient":""}},"footnotes":""},"class_list":["post-207","page","type-page","status-publish","hentry"],"uagb_featured_image_src":{"full":false,"thumbnail":false,"medium":false,"medium_large":false,"large":false,"1536x1536":false,"2048x2048":false},"uagb_author_info":{"display_name":"idebrze@gmail.com","author_link":"https:\/\/ventrachcars.com\/?author=1"},"uagb_comment_info":0,"uagb_excerpt":"Unsere umfassenden Fahrzeugdienstleistungen Entdecken Sie unser Angebot an Fahrzeugimport, -export und individuellem Service f\u00fcr eine transparente Autokauf-Erfahrung.","_links":{"self":[{"href":"https:\/\/ventrachcars.com\/index.php?rest_route=\/wp\/v2\/pages\/207","targetHints":{"allow":["GET"]}}],"collection":[{"href":"https:\/\/ventrachcars.com\/index.php?rest_route=\/wp\/v2\/pages"}],"about":[{"href":"https:\/\/ventrachcars.com\/index.php?rest_route=\/wp\/v2\/types\/page"}],"author":[{"embeddable":true,"href":"https:\/\/ventrachcars.com\/index.php?rest_route=\/wp\/v2\/users\/1"}],"replies":[{"embeddable":true,"href":"https:\/\/ventrachcars.com\/index.php?rest_route=%2Fwp%2Fv2%2Fcomments&post=207"}],"version-history":[{"count":5,"href":"https:\/\/ventrachcars.com\/index.php?rest_route=\/wp\/v2\/pages\/207\/revisions"}],"predecessor-version":[{"id":273,"href":"https:\/\/ventrachcars.com\/index.php?rest_route=\/wp\/v2\/pages\/207\/revisions\/273"}],"wp:attachment":[{"href":"https:\/\/ventrachcars.com\/index.php?rest_route=%2Fwp%2Fv2%2Fmedia&parent=207"}],"curies":[{"name":"wp","href":"https:\/\/api.w.org\/{rel}","templated":true}]}}