{"id":206,"date":"2025-11-18T18:09:01","date_gmt":"2025-11-18T18:09:01","guid":{"rendered":"https:\/\/ventrachcars.com\/about\/"},"modified":"2025-11-18T20:11:50","modified_gmt":"2025-11-18T20:11:50","slug":"about","status":"publish","type":"page","link":"https:\/\/ventrachcars.com\/?page_id=206","title":{"rendered":"About"},"content":{"rendered":"\n<div class=\"wp-block-uagb-container uagb-layout-grid uagb-block-52a5e7a5 alignfull uagb-is-root-container\"><div class=\"uagb-container-inner-blocks-wrap\">\n<div class=\"wp-block-uagb-advanced-heading uagb-block-8f9583b5\"><div class=\"uagb-separator\"><\/div><h1 class=\"uagb-heading-text\">Ihr vertrauensw\u00fcrdiger Partner f\u00fcr Autoimporte<\/h1><\/div>\n\n\n\n<div class=\"wp-block-uagb-advanced-heading uagb-block-0a094371\"><p class=\"uagb-heading-text\">Ventrach Cars bietet einfache, sichere und transparente Autoimporte f\u00fcr Kunden in ganz Europa an.<\/p><\/div>\n<\/div><\/div>\n\n\n\n<div class=\"wp-block-uagb-container uagb-block-6d4e3205 alignfull uagb-is-root-container\"><div class=\"uagb-container-inner-blocks-wrap\">\n<div class=\"wp-block-uagb-image uagb-block-41997195 wp-block-uagb-image--layout-default wp-block-uagb-image--effect-static wp-block-uagb-image--align-none uag-blocks-common-selector\" style=\"--z-index-desktop:1;;--z-index-tablet:undefined;;--z-index-mobile:undefined;\"><figure class=\"wp-block-uagb-image__figure\"><img decoding=\"async\" srcset=\"https:\/\/ventrachcars.com\/wp-content\/uploads\/2025\/11\/trailer-1-1024x683.jpg ,https:\/\/ventrachcars.com\/wp-content\/uploads\/2025\/11\/trailer-1.jpg 780w, https:\/\/ventrachcars.com\/wp-content\/uploads\/2025\/11\/trailer-1.jpg 360w\" sizes=\"auto, (max-width: 480px) 150px\" src=\"https:\/\/ventrachcars.com\/wp-content\/uploads\/2025\/11\/trailer-1-1024x683.jpg\" alt=\"Trailer 1 1024x683\" class=\"uag-image-274\" width=\"1150\" height=\"400\" title=\"About\" loading=\"lazy\" role=\"presentation\"><\/figure><\/div>\n\n\n\n<div class=\"wp-block-uagb-advanced-heading uagb-block-c1430afc\"><p class=\"uagb-heading-text\">\u00dcber uns<\/p><div class=\"uagb-separator\"><\/div><\/div>\n\n\n\n<div class=\"wp-block-uagb-advanced-heading uagb-block-8206bff7\"><h2 class=\"uagb-heading-text\">Das Vertrauensw\u00fcrdige Unternehmen f\u00fcr Autoimporte und -exporte<\/h2><\/div>\n\n\n\n<div class=\"wp-block-uagb-container uagb-block-872fa012\">\n<div class=\"wp-block-uagb-advanced-heading uagb-block-76d9be4a\"><h3 class=\"uagb-heading-text\">Ventrach Cars hat sich als bevorzugter Autoanbieter etabliert, der den Kunden beim Kauf von hochwertigen gebrauchten Fahrzeugen zur Seite steht und deren Erwartungen \u00fcbertrifft.<\/h3><\/div>\n\n\n\n<div class=\"wp-block-uagb-advanced-heading uagb-block-e648ce5c\"><p class=\"uagb-heading-text\">Wir bieten kundenorientierte L\u00f6sungen bei Autoimport und -export und haben zahlreiche zufriedene Kunden, die uns f\u00fcr unsere Professionalit\u00e4t und Zuverl\u00e4ssigkeit sch\u00e4tzen. Mit umfassenden Inspektionen und transparenter Kommunikation gew\u00e4hrleisten wir ein positives Einkaufserlebnis.<\/p><p class=\"uagb-desc-text\">Unsere Kunden profitieren von exzellentem Service und sicherem Handel. Wir haben Tausende von Fahrzeugen erfolgreich importiert und exportiert, wodurch wir Vertrauen und Loyalit\u00e4t auf dem Markt gewonnen haben.<\/p><\/div>\n<\/div>\n\n\n\n<div class=\"wp-block-uagb-image uagb-block-e3600eff wp-block-uagb-image--layout-default wp-block-uagb-image--effect-static wp-block-uagb-image--align-none\"><figure class=\"wp-block-uagb-image__figure\"><img decoding=\"async\" srcset=\"https:\/\/ventrachcars.com\/wp-content\/uploads\/2025\/11\/gccadbb21ed211702de6e13583d0c8c7008953a545b45dcfc163b560ed37701fe64cded46a5d2d5dd8dd4ed97acd91652c2c416f0276b09dab3778e4ac1768fd9_1280-2389604-1024x576.jpg ,https:\/\/ventrachcars.com\/wp-content\/uploads\/2025\/11\/gccadbb21ed211702de6e13583d0c8c7008953a545b45dcfc163b560ed37701fe64cded46a5d2d5dd8dd4ed97acd91652c2c416f0276b09dab3778e4ac1768fd9_1280-2389604.jpg 780w, https:\/\/ventrachcars.com\/wp-content\/uploads\/2025\/11\/gccadbb21ed211702de6e13583d0c8c7008953a545b45dcfc163b560ed37701fe64cded46a5d2d5dd8dd4ed97acd91652c2c416f0276b09dab3778e4ac1768fd9_1280-2389604.jpg 360w\" sizes=\"auto, (max-width: 480px) 150px\" src=\"https:\/\/ventrachcars.com\/wp-content\/uploads\/2025\/11\/gccadbb21ed211702de6e13583d0c8c7008953a545b45dcfc163b560ed37701fe64cded46a5d2d5dd8dd4ed97acd91652c2c416f0276b09dab3778e4ac1768fd9_1280-2389604-1024x576.jpg\" alt=\"mercedes, car, auto, transport, automotive, luxury, transportation, automobile, vehicle, benz, modern, style, elegant, german, headlight, car wallpapers, vehicle front, speed, sports car, s63 coupe, mercedes coupe\" class=\"uag-image-261\" width=\"1200\" height=\"450\" title=\"gccadbb21ed211702de6e13583d0c8c7008953a545b45dcfc163b560ed37701fe64cded46a5d2d5dd8dd4ed97acd91652c2c416f0276b09dab3778e4ac1768fd9 1280 2389604\" loading=\"lazy\" role=\"img\"\/><\/figure><\/div>\n\n\n\n<div class=\"wp-block-uagb-advanced-heading uagb-block-257301db\"><p class=\"uagb-heading-text\">Unsere Geschichte<\/p><div class=\"uagb-separator\"><\/div><\/div>\n\n\n\n<div class=\"wp-block-uagb-container uagb-layout-grid uagb-block-d836a3f7\">\n<div class=\"wp-block-uagb-image uagb-block-121b49d0 wp-block-uagb-image--layout-default wp-block-uagb-image--effect-static wp-block-uagb-image--align-none\"><figure class=\"wp-block-uagb-image__figure\"><img decoding=\"async\" srcset=\"https:\/\/ventrachcars.com\/wp-content\/uploads\/2025\/11\/pexels-photo-19165516.jpeg ,https:\/\/ventrachcars.com\/wp-content\/uploads\/2025\/11\/pexels-photo-19165516.jpeg 780w, https:\/\/ventrachcars.com\/wp-content\/uploads\/2025\/11\/pexels-photo-19165516.jpeg 360w\" sizes=\"auto, (max-width: 480px) 150px\" src=\"https:\/\/ventrachcars.com\/wp-content\/uploads\/2025\/11\/pexels-photo-19165516.jpeg\" alt=\"A striking red Volkswagen Golf GTI parked near industrial shipping containers in London, Canada.\" class=\"uag-image-31\" width=\"560\" height=\"450\" title=\"our-story\" loading=\"lazy\" role=\"img\"\/><\/figure><\/div>\n\n\n\n<div class=\"wp-block-uagb-advanced-heading uagb-block-c10ed874\"><h3 class=\"uagb-heading-text\">Die Entwicklung von Ventrach Cars im automobilen Umfeld<\/h3><p class=\"uagb-desc-text\">Ventrach Cars wurde in Wien gegr\u00fcndet, um den europ\u00e4ischen Markt mit zuverl\u00e4ssigen Autoimport- und -exportdiensten zu bereichern. Seit unserer Gr\u00fcndung haben wir uns durch Transparenz und Qualit\u00e4t einen Namen gemacht. Mit wachsender Nachfrage haben wir unser Gesch\u00e4ft stetig ausgedehnt und stolz auf unsere erfolgreichen Transaktionen zur\u00fcckblicken k\u00f6nnen.<\/p><\/div>\n<\/div>\n<\/div><\/div>\n\n\n\n<div class=\"wp-block-uagb-container uagb-block-08bdc66b alignfull uagb-is-root-container\"><div class=\"uagb-container-inner-blocks-wrap\">\n<div class=\"wp-block-uagb-advanced-heading uagb-block-8a25e220\"><p class=\"uagb-heading-text\">Wie wir arbeiten<\/p><div class=\"uagb-separator\"><\/div><\/div>\n\n\n\n<div class=\"wp-block-uagb-container uagb-layout-grid uagb-block-5c68a50a\">\n<div class=\"wp-block-uagb-advanced-heading uagb-block-acaeab83\"><h2 class=\"uagb-heading-text\">Durch transparente Prozesse zum Erfolg<\/h2><\/div>\n\n\n\n<div class=\"wp-block-uagb-container uagb-block-b5dc4002\">\n<div class=\"wp-block-uagb-info-box uagb-block-5fb96413 uagb-infobox__content-wrap  uagb-infobox-icon-above-title uagb-infobox-image-valign-top\"><div class=\"uagb-ifb-content\"><div class=\"uagb-ifb-title-wrap\"><span class=\"uagb-ifb-title-prefix\">Step-01<\/span><h3 class=\"uagb-ifb-title\">Sorgf\u00e4ltige Fahrzeugauswahl<\/h3><\/div><p class=\"uagb-ifb-desc\">Unsere Experten w\u00e4hlen nur die besten Fahrzeuge aus.<\/p><div class=\"uagb-ifb-separator\"><\/div><\/div><\/div>\n\n\n\n<div class=\"wp-block-uagb-info-box uagb-block-e82c6c50 uagb-infobox__content-wrap  uagb-infobox-icon-above-title uagb-infobox-image-valign-top\"><div class=\"uagb-ifb-content\"><div class=\"uagb-ifb-title-wrap\"><span class=\"uagb-ifb-title-prefix\">Step-02<\/span><h3 class=\"uagb-ifb-title\">Umfassende Fahrzeuginspektionen<\/h3><\/div><p class=\"uagb-ifb-desc\">Jedes Fahrzeug wird gr\u00fcndlich auf Sicherheit und Zuverl\u00e4ssigkeit getestet.<\/p><div class=\"uagb-ifb-separator\"><\/div><\/div><\/div>\n\n\n\n<div class=\"wp-block-uagb-info-box uagb-block-63a457f5 uagb-infobox__content-wrap  uagb-infobox-icon-above-title uagb-infobox-image-valign-top\"><div class=\"uagb-ifb-content\"><div class=\"uagb-ifb-title-wrap\"><span class=\"uagb-ifb-title-prefix\">Step-03<\/span><h3 class=\"uagb-ifb-title\">Pers\u00f6nlicher Kundenservice<\/h3><\/div><p class=\"uagb-ifb-desc\">Wir bieten individuelle L\u00f6sungen f\u00fcr jeden Kunden an.<\/p><\/div><\/div>\n<\/div>\n<\/div>\n<\/div><\/div>\n\n\n\n<div class=\"wp-block-uagb-container uagb-layout-grid uagb-block-29a0aaa8 alignfull uagb-is-root-container\"><div class=\"uagb-container-inner-blocks-wrap\">\n<div class=\"wp-block-uagb-advanced-heading uagb-block-42bca5dd\"><div class=\"uagb-separator\"><\/div><h2 class=\"uagb-heading-text\">Kontaktieren Sie uns f\u00fcr Ihre Fahrzeugbed\u00fcrfnisse!<\/h2><\/div>\n\n\n\n<div class=\"wp-block-uagb-info-box uagb-block-620f6d21 uagb-infobox__content-wrap  uagb-infobox-icon-above-title uagb-infobox-image-valign-top\"><div class=\"uagb-ifb-content\"><div class=\"uagb-ifb-title-wrap\"><p class=\"uagb-ifb-title\">Wir freuen uns darauf, Ihnen zu helfen und Ihre Fragen schnell zu beantworten.<\/p><\/div><div class=\"uagb-ifb-button-wrapper wp-block-button\"><a href=\"contact\/\" class=\"uagb-infobox-cta-link wp-block-button__link\" target=\"_self\" rel=\"noopener noreferrer\" onclick=\"return true;\"><span class=\"uagb-inline-editing\">Jetzt entdecken<\/span><\/a><\/div><\/div><\/div>\n<\/div><\/div>\n","protected":false},"excerpt":{"rendered":"<p>Ihr vertrauensw\u00fcrdiger Partner f\u00fcr Autoimporte Ventrach Cars bietet einfache, sichere und transparente Autoimporte f\u00fcr Kunden in ganz Europa an. \u00dcber [&hellip;]<\/p>\n","protected":false},"author":1,"featured_media":0,"parent":0,"menu_order":0,"comment_status":"closed","ping_status":"closed","template":"","meta":{"_uag_custom_page_level_css":"","site-sidebar-layout":"default","site-content-layout":"","ast-site-content-layout":"default","site-content-style":"default","site-sidebar-style":"default","ast-global-header-display":"","ast-banner-title-visibility":"","ast-main-header-display":"","ast-hfb-above-header-display":"","ast-hfb-below-header-display":"","ast-hfb-mobile-header-display":"","site-post-title":"disabled","ast-breadcrumbs-content":"","ast-featured-img":"","footer-sml-layout":"","ast-disable-related-posts":"","theme-transparent-header-meta":"enabled","adv-header-id-meta":"","stick-header-meta":"","header-above-stick-meta":"","header-main-stick-meta":"","header-below-stick-meta":"","astra-migrate-meta-layouts":"default","ast-page-background-enabled":"default","ast-page-background-meta":{"desktop":{"background-color":"var(--ast-global-color-4)","background-image":"","background-repeat":"repeat","background-position":"center center","background-size":"auto","background-attachment":"scroll","background-type":"","background-media":"","overlay-type":"","overlay-color":"","overlay-opacity":"","overlay-gradient":""},"tablet":{"background-color":"","background-image":"","background-repeat":"repeat","background-position":"center center","background-size":"auto","background-attachment":"scroll","background-type":"","background-media":"","overlay-type":"","overlay-color":"","overlay-opacity":"","overlay-gradient":""},"mobile":{"background-color":"","background-image":"","background-repeat":"repeat","background-position":"center center","background-size":"auto","background-attachment":"scroll","background-type":"","background-media":"","overlay-type":"","overlay-color":"","overlay-opacity":"","overlay-gradient":""}},"ast-content-background-meta":{"desktop":{"background-color":"var(--ast-global-color-5)","background-image":"","background-repeat":"repeat","background-position":"center center","background-size":"auto","background-attachment":"scroll","background-type":"","background-media":"","overlay-type":"","overlay-color":"","overlay-opacity":"","overlay-gradient":""},"tablet":{"background-color":"var(--ast-global-color-5)","background-image":"","background-repeat":"repeat","background-position":"center center","background-size":"auto","background-attachment":"scroll","background-type":"","background-media":"","overlay-type":"","overlay-color":"","overlay-opacity":"","overlay-gradient":""},"mobile":{"background-color":"var(--ast-global-color-5)","background-image":"","background-repeat":"repeat","background-position":"center center","background-size":"auto","background-attachment":"scroll","background-type":"","background-media":"","overlay-type":"","overlay-color":"","overlay-opacity":"","overlay-gradient":""}},"footnotes":""},"class_list":["post-206","page","type-page","status-publish","hentry"],"uagb_featured_image_src":{"full":false,"thumbnail":false,"medium":false,"medium_large":false,"large":false,"1536x1536":false,"2048x2048":false},"uagb_author_info":{"display_name":"idebrze@gmail.com","author_link":"https:\/\/ventrachcars.com\/?author=1"},"uagb_comment_info":0,"uagb_excerpt":"Ihr vertrauensw\u00fcrdiger Partner f\u00fcr Autoimporte Ventrach Cars bietet einfache, sichere und transparente Autoimporte f\u00fcr Kunden in ganz Europa an. \u00dcber [&hellip;]","_links":{"self":[{"href":"https:\/\/ventrachcars.com\/index.php?rest_route=\/wp\/v2\/pages\/206","targetHints":{"allow":["GET"]}}],"collection":[{"href":"https:\/\/ventrachcars.com\/index.php?rest_route=\/wp\/v2\/pages"}],"about":[{"href":"https:\/\/ventrachcars.com\/index.php?rest_route=\/wp\/v2\/types\/page"}],"author":[{"embeddable":true,"href":"https:\/\/ventrachcars.com\/index.php?rest_route=\/wp\/v2\/users\/1"}],"replies":[{"embeddable":true,"href":"https:\/\/ventrachcars.com\/index.php?rest_route=%2Fwp%2Fv2%2Fcomments&post=206"}],"version-history":[{"count":5,"href":"https:\/\/ventrachcars.com\/index.php?rest_route=\/wp\/v2\/pages\/206\/revisions"}],"predecessor-version":[{"id":276,"href":"https:\/\/ventrachcars.com\/index.php?rest_route=\/wp\/v2\/pages\/206\/revisions\/276"}],"wp:attachment":[{"href":"https:\/\/ventrachcars.com\/index.php?rest_route=%2Fwp%2Fv2%2Fmedia&parent=206"}],"curies":[{"name":"wp","href":"https:\/\/api.w.org\/{rel}","templated":true}]}}