{"id":205,"date":"2025-11-18T18:09:01","date_gmt":"2025-11-18T18:09:01","guid":{"rendered":"https:\/\/ventrachcars.com\/home-2\/"},"modified":"2026-05-06T19:32:02","modified_gmt":"2026-05-06T19:32:02","slug":"home-2","status":"publish","type":"page","link":"https:\/\/ventrachcars.com\/","title":{"rendered":"Home"},"content":{"rendered":"\n<div class=\"wp-block-uagb-container uagb-layout-grid uagb-block-52a5e7a5 alignfull uagb-is-root-container\"><div class=\"uagb-container-inner-blocks-wrap\">\n<div class=\"wp-block-uagb-info-box uagb-block-0c3037de uagb-infobox__content-wrap  uagb-infobox-icon-above-title uagb-infobox-image-valign-top\"><div class=\"uagb-ifb-content\"><div class=\"uagb-ifb-title-wrap\"><div class=\"uagb-ifb-separator\"><\/div><h1 class=\"uagb-ifb-title\">Gebraucht. gepr\u00fcft. <br><br><strong>ventrach cars<\/strong><\/h1><\/div><div class=\"uagb-ifb-button-wrapper wp-block-button\"><a href=\"contact\/\" class=\"uagb-infobox-cta-link wp-block-button__link\" target=\"_self\" rel=\"noopener noreferrer\" onclick=\"return true;\"><span class=\"uagb-inline-editing\">Jetzt entdecken<\/span><\/a><\/div><\/div><\/div>\n\n\n\n<div class=\"wp-block-uagb-advanced-heading uagb-block-0a094371\"><div class=\"uagb-heading-text\"> Fahrzeuge einfach, sicher und transparent kaufen<\/div><p class=\"uagb-desc-text\">Ventrach Cars bietet Ihnen eine unkomplizierte M\u00f6glichkeit, hochwertige Gebrauchtwagen aus Europa zu kaufen. Wir garantieren Sicherheit, Zuverl\u00e4ssigkeit und volle Transparenz in jedem Schritt des Kaufprozesses.<\/p><\/div>\n<\/div><\/div>\n\n\n\n<div class=\"wp-block-uagb-container uagb-block-6d4e3205 alignfull uagb-is-root-container\"><div class=\"uagb-container-inner-blocks-wrap\">\n<div class=\"wp-block-uagb-image uagb-block-41997195 wp-block-uagb-image--layout-default wp-block-uagb-image--effect-static wp-block-uagb-image--align-none uag-blocks-common-selector\" style=\"--z-index-desktop:1;;--z-index-tablet:undefined;;--z-index-mobile:undefined;\"><figure class=\"wp-block-uagb-image__figure\"><img decoding=\"async\" srcset=\"https:\/\/ventrachcars.com\/wp-content\/uploads\/2025\/11\/pexels-photo-11500968.jpeg ,https:\/\/ventrachcars.com\/wp-content\/uploads\/2025\/11\/pexels-photo-11500968.jpeg 780w, https:\/\/ventrachcars.com\/wp-content\/uploads\/2025\/11\/pexels-photo-11500968.jpeg 360w\" sizes=\"auto, (max-width: 480px) 150px\" src=\"https:\/\/ventrachcars.com\/wp-content\/uploads\/2025\/11\/pexels-photo-11500968.jpeg\" alt=\"A stylish black BMW parked indoors in a modern parking garage at night with glowing tail lights.\" class=\"uag-image-26\" width=\"1200\" height=\"500\" title=\"home-hero\" loading=\"lazy\" role=\"img\"\/><\/figure><\/div>\n\n\n\n<div class=\"wp-block-uagb-advanced-heading uagb-block-c1430afc\"><div class=\"uagb-heading-text\">\u00dcber uns<\/div><div class=\"uagb-separator\"><\/div><\/div>\n\n\n\n<div class=\"wp-block-uagb-container uagb-layout-grid uagb-block-872fa012\">\n<div class=\"wp-block-uagb-advanced-heading uagb-block-76d9be4a\"><h2 class=\"uagb-heading-text\">Die Geschichte von Ventrach Cars und Leidenschaft f\u00fcr Autos<\/h2><\/div>\n\n\n\n<div class=\"wp-block-uagb-container uagb-layout-flex uagb-block-9f20c438\">\n<div class=\"wp-block-uagb-advanced-heading uagb-block-6c26d2ee\"><h3 class=\"uagb-heading-text\">Von der einfachen Vision zur vertrauensw\u00fcrdigen Anlaufstelle f\u00fcr Autok\u00e4ufe in Wien<\/h3><\/div>\n\n\n\n<div class=\"wp-block-uagb-image uagb-block-3a4acf19 wp-block-uagb-image--layout-default wp-block-uagb-image--effect-static wp-block-uagb-image--align-none\"><figure class=\"wp-block-uagb-image__figure\"><img decoding=\"async\" srcset=\"https:\/\/ventrachcars.com\/wp-content\/uploads\/2025\/11\/pexels-photo-27972291.jpeg ,https:\/\/ventrachcars.com\/wp-content\/uploads\/2025\/11\/pexels-photo-27972291.jpeg 780w, https:\/\/ventrachcars.com\/wp-content\/uploads\/2025\/11\/pexels-photo-27972291.jpeg 360w\" sizes=\"auto, (max-width: 480px) 150px\" src=\"https:\/\/ventrachcars.com\/wp-content\/uploads\/2025\/11\/pexels-photo-27972291.jpeg\" alt=\"A black car drives along a road, passing large stacked cargo containers.\" class=\"uag-image-27\" width=\"650\" height=\"400\" title=\"about-us\" loading=\"lazy\" role=\"img\"\/><\/figure><\/div>\n\n\n\n<div class=\"wp-block-uagb-info-box uagb-block-b216a928 uagb-infobox__content-wrap  uagb-infobox-icon-above-title uagb-infobox-image-valign-top wp-block-uagb-info-box--has-margin\"><div class=\"uagb-infobox-margin-wrapper\"><div class=\"uagb-ifb-content\"><div class=\"uagb-ifb-title-wrap\"><\/div><p class=\"uagb-ifb-desc\">Ventrach Cars hat sich als bevorzugter Autoanbieter etabliert, der den Kunden beim Kauf von hochwertigen gebrauchten Fahrzeugen zur Seite steht und deren Erwartungen \u00fcbertrifft.<\/p><div class=\"uagb-ifb-button-wrapper wp-block-button\"><a href=\"about\/\" class=\"uagb-infobox-cta-link ast-outline-button\" target=\"_self\" rel=\"noopener noreferrer\" style=\"border-width:revert-layer\" onclick=\"return true;\"><span class=\"uagb-inline-editing\">Mehr lesen<\/span><\/a><\/div><\/div><\/div><\/div>\n<\/div>\n<\/div>\n\n\n\n<div class=\"wp-block-uagb-advanced-heading uagb-block-257301db\"><\/div>\n<\/div><\/div>\n\n\n\n<div class=\"wp-block-uagb-container uagb-block-08bdc66b alignfull uagb-is-root-container\"><div class=\"uagb-container-inner-blocks-wrap\">\n<div class=\"wp-block-uagb-advanced-heading uagb-block-8a25e220\"><p class=\"uagb-heading-text\">Unsere Dienstleistungen<\/p><div class=\"uagb-separator\"><\/div><\/div>\n\n\n\n<div class=\"wp-block-uagb-container uagb-layout-grid uagb-block-5c68a50a\">\n<div class=\"wp-block-uagb-image uagb-block-53f5dea3 wp-block-uagb-image--layout-default wp-block-uagb-image--effect-static wp-block-uagb-image--align-none\"><figure class=\"wp-block-uagb-image__figure\"><img decoding=\"async\" srcset=\"https:\/\/ventrachcars.com\/wp-content\/uploads\/2025\/11\/pexels-photo-30809411.jpeg ,https:\/\/ventrachcars.com\/wp-content\/uploads\/2025\/11\/pexels-photo-30809411.jpeg 780w, https:\/\/ventrachcars.com\/wp-content\/uploads\/2025\/11\/pexels-photo-30809411.jpeg 360w\" sizes=\"auto, (max-width: 480px) 150px\" src=\"https:\/\/ventrachcars.com\/wp-content\/uploads\/2025\/11\/pexels-photo-30809411.jpeg\" alt=\"A stylish black Mercedes-Benz sedan parked on a roadside under a cloudy sky.\" class=\"uag-image-28\" width=\"420\" height=\"410\" title=\"services-05\" loading=\"lazy\" role=\"img\"\/><\/figure><\/div>\n\n\n\n<div class=\"wp-block-uagb-container uagb-block-778f7e32\">\n<div class=\"wp-block-uagb-info-box uagb-block-f0b253e0 uagb-infobox__content-wrap  uagb-infobox-icon-above-title uagb-infobox-image-valign-top\"><div class=\"uagb-ifb-content\"><div class=\"uagb-ifb-title-wrap\"><span class=\"uagb-ifb-title-prefix\">01.<\/span><div class=\"uagb-ifb-separator\"><\/div><h3 class=\"uagb-ifb-title\">Fahrzeugimport<\/h3><\/div><p class=\"uagb-ifb-desc\">Importieren Sie hochwertige Fahrzeuge sicher und unkompliziert.<\/p><div class=\"uagb-ifb-button-wrapper wp-block-button\"><a href=\"services\/\" target=\"_self\" onclick=\"return true;\" class=\"uagb-infobox-cta-link\" rel=\"noopener noreferrer\"><span class=\"uagb-inline-editing\">Mehr lesen<\/span><\/a><\/div><\/div><\/div>\n\n\n\n<div class=\"wp-block-uagb-info-box uagb-block-f9ac84ae uagb-infobox__content-wrap  uagb-infobox-icon-above-title uagb-infobox-image-valign-top\"><div class=\"uagb-ifb-content\"><div class=\"uagb-ifb-title-wrap\"><span class=\"uagb-ifb-title-prefix\">02.<\/span><div class=\"uagb-ifb-separator\"><\/div><h3 class=\"uagb-ifb-title\">Fahrzeugexport<\/h3><\/div><p class=\"uagb-ifb-desc\">Verkaufen Sie Ihr Fahrzeug einfach ins Ausland.<\/p><div class=\"uagb-ifb-button-wrapper wp-block-button\"><a href=\"services\/\" target=\"_self\" onclick=\"return true;\" class=\"uagb-infobox-cta-link\" rel=\"noopener noreferrer\"><span class=\"uagb-inline-editing\">Mehr lesen<\/span><\/a><\/div><\/div><\/div>\n<\/div>\n<\/div>\n\n\n\n<div class=\"wp-block-uagb-container uagb-layout-grid uagb-block-6d729892\">\n<div class=\"wp-block-uagb-container uagb-block-44fb29ae\">\n<div class=\"wp-block-uagb-info-box uagb-block-6a4682cb uagb-infobox__content-wrap  uagb-infobox-icon-above-title uagb-infobox-image-valign-top\"><div class=\"uagb-ifb-content\"><div class=\"uagb-ifb-title-wrap\"><span class=\"uagb-ifb-title-prefix\">03.<\/span><div class=\"uagb-ifb-separator\"><\/div><h3 class=\"uagb-ifb-title\">Fahrzeugverkauf<\/h3><\/div><p class=\"uagb-ifb-desc\">Verkaufen Sie Ihr gebrauchtes Auto schnell und fair.<\/p><div class=\"uagb-ifb-button-wrapper wp-block-button\"><a href=\"services\/\" target=\"_self\" onclick=\"return true;\" class=\"uagb-infobox-cta-link\" rel=\"noopener noreferrer\"><span class=\"uagb-inline-editing\">Mehr lesen<\/span><\/a><\/div><\/div><\/div>\n<\/div>\n\n\n\n<div class=\"wp-block-uagb-image uagb-block-107767f8 wp-block-uagb-image--layout-default wp-block-uagb-image--effect-static wp-block-uagb-image--align-none\"><figure class=\"wp-block-uagb-image__figure\"><img decoding=\"async\" srcset=\"https:\/\/ventrachcars.com\/wp-content\/uploads\/2025\/11\/pexels-photo-14667498.jpeg ,https:\/\/ventrachcars.com\/wp-content\/uploads\/2025\/11\/pexels-photo-14667498.jpeg 780w, https:\/\/ventrachcars.com\/wp-content\/uploads\/2025\/11\/pexels-photo-14667498.jpeg 360w\" sizes=\"auto, (max-width: 480px) 150px\" src=\"https:\/\/ventrachcars.com\/wp-content\/uploads\/2025\/11\/pexels-photo-14667498.jpeg\" alt=\"Rear view of a sleek Mercedes Benz parked by the coast on a serene day.\" class=\"uag-image-29\" width=\"750\" height=\"410\" title=\"services-06\" loading=\"lazy\" role=\"img\"\/><\/figure><\/div>\n<\/div>\n<\/div><\/div>\n\n\n\n<div class=\"wp-block-uagb-container uagb-block-65effa8e alignfull uagb-is-root-container\"><div class=\"uagb-container-inner-blocks-wrap\">\n<div class=\"wp-block-uagb-info-box uagb-block-091c583e uagb-infobox__content-wrap  uagb-infobox-icon-above-title uagb-infobox-image-valign-top\"><div class=\"uagb-ifb-content\"><div class=\"uagb-ifb-title-wrap\"><h2 class=\"uagb-ifb-title\">Finden Sie Ihr Traumauto noch heute!<\/h2><\/div><p class=\"uagb-ifb-desc\">Lassen Sie uns helfen, das perfekte Fahrzeug f\u00fcr Sie zu finden.<\/p><div class=\"uagb-ifb-button-wrapper wp-block-button\"><a href=\"contact\/\" class=\"uagb-infobox-cta-link wp-block-button__link\" target=\"_self\" rel=\"noopener noreferrer\" onclick=\"return true;\"><span class=\"uagb-inline-editing\">Jetzt entdecken<\/span><\/a><\/div><\/div><\/div>\n<\/div><\/div>\n\n\n\n<div class=\"wp-block-uagb-container uagb-block-83548667 alignfull uagb-is-root-container\"><div class=\"uagb-container-inner-blocks-wrap\">\n<div class=\"wp-block-uagb-advanced-heading uagb-block-e0cb5439\"><p class=\"uagb-heading-text\">Unsere Vorteile<\/p><div class=\"uagb-separator\"><\/div><\/div>\n\n\n\n<div class=\"wp-block-uagb-advanced-heading uagb-block-8206bff7\"><h2 class=\"uagb-heading-text\">Einzigartige Vorteile von Ventrach Cars f\u00fcr jeden Kunden<\/h2><\/div>\n\n\n\n<div class=\"wp-block-uagb-container uagb-layout-grid uagb-block-ac52fa34\">\n<div class=\"wp-block-uagb-image uagb-block-b9c7f8af wp-block-uagb-image--layout-default wp-block-uagb-image--effect-static wp-block-uagb-image--align-none\"><figure class=\"wp-block-uagb-image__figure\"><img decoding=\"async\" srcset=\"https:\/\/ventrachcars.com\/wp-content\/uploads\/2025\/11\/pexels-photo-20703568.jpeg ,https:\/\/ventrachcars.com\/wp-content\/uploads\/2025\/11\/pexels-photo-20703568.jpeg 780w, https:\/\/ventrachcars.com\/wp-content\/uploads\/2025\/11\/pexels-photo-20703568.jpeg 360w\" sizes=\"auto, (max-width: 480px) 150px\" src=\"https:\/\/ventrachcars.com\/wp-content\/uploads\/2025\/11\/pexels-photo-20703568.jpeg\" alt=\"Front-view of a black Audi SQ5 SUV parked in Totes, Normandy, France.\" class=\"uag-image-30\" width=\"700\" height=\"470\" title=\"why-choose-us\" loading=\"lazy\" role=\"img\"\/><\/figure><\/div>\n\n\n\n<div class=\"wp-block-uagb-container uagb-block-45ff912f\">\n<div class=\"wp-block-uagb-container uagb-layout-grid uagb-block-8e62ac0a\">\n<div class=\"wp-block-uagb-advanced-heading uagb-block-b8e76fe9\"><h2 class=\"uagb-heading-text\">01<\/h2><\/div>\n\n\n\n<div class=\"wp-block-uagb-advanced-heading uagb-block-45c96698\"><h3 class=\"uagb-heading-text\">Hochwertige Fahrzeuge<\/h3><p class=\"uagb-desc-text\">Jedes Fahrzeug durchl\u00e4uft eine gr\u00fcndliche Inspektion, damit es h\u00f6chste Qualit\u00e4tsstandards erf\u00fcllt.<\/p><\/div>\n<\/div>\n\n\n\n<div class=\"wp-block-uagb-container uagb-layout-grid uagb-block-817552aa\">\n<div class=\"wp-block-uagb-advanced-heading uagb-block-90bf524c\"><h2 class=\"uagb-heading-text\">02<\/h2><\/div>\n\n\n\n<div class=\"wp-block-uagb-advanced-heading uagb-block-d813235b\"><h3 class=\"uagb-heading-text\">Transparente Prozesse<\/h3><p class=\"uagb-desc-text\">Wir bieten ehrliche Informationen und verl\u00e4ssliche Zustandsberichte f\u00fcr alle Fahrzeuge, die wir verkaufen.<\/p><\/div>\n<\/div>\n\n\n\n<div class=\"wp-block-uagb-container uagb-layout-grid uagb-block-78fbfab3\">\n<div class=\"wp-block-uagb-advanced-heading uagb-block-db61aa38\"><h2 class=\"uagb-heading-text\">03<\/h2><\/div>\n\n\n\n<div class=\"wp-block-uagb-advanced-heading uagb-block-37613d6c\"><h3 class=\"uagb-heading-text\">Personalisierter Service<\/h3><p class=\"uagb-desc-text\">Unser ma\u00dfgeschneiderter Auto-auf-Zuforderung-Service findet das perfekte Fahrzeug f\u00fcr Ihre Bed\u00fcrfnisse.<\/p><\/div>\n<\/div>\n<\/div>\n<\/div>\n<\/div><\/div>\n\n\n\n<div class=\"wp-block-uagb-container uagb-block-585a2e04 alignfull uagb-is-root-container\"><div class=\"uagb-container-inner-blocks-wrap\">\n<div class=\"wp-block-uagb-advanced-heading uagb-block-88971b21\"><\/div>\n<\/div><\/div>\n\n\n\n<div class=\"wp-block-uagb-container uagb-layout-grid uagb-block-29a0aaa8 alignfull uagb-is-root-container\"><div class=\"uagb-container-inner-blocks-wrap\">\n<div class=\"wp-block-uagb-advanced-heading uagb-block-42bca5dd\"><div class=\"uagb-separator\"><\/div><h2 class=\"uagb-heading-text\">Kontaktieren Sie uns f\u00fcr Ihre Fahrzeugbed\u00fcrfnisse!<\/h2><\/div>\n\n\n\n<div class=\"wp-block-uagb-info-box uagb-block-620f6d21 uagb-infobox__content-wrap  uagb-infobox-icon-above-title uagb-infobox-image-valign-top\"><div class=\"uagb-ifb-content\"><div class=\"uagb-ifb-title-wrap\"><p class=\"uagb-ifb-title\">Wir freuen uns darauf, Ihnen zu helfen und Ihre Fragen schnell zu beantworten.<\/p><\/div><div class=\"uagb-ifb-button-wrapper wp-block-button\"><a href=\"contact\/\" class=\"uagb-infobox-cta-link wp-block-button__link\" target=\"_self\" rel=\"noopener noreferrer\" onclick=\"return true;\"><span class=\"uagb-inline-editing\">Jetzt entdecken<\/span><\/a><\/div><\/div><\/div>\n<\/div><\/div>\n","protected":false},"excerpt":{"rendered":"<p>Fahrzeuge einfach, sicher und transparent kaufen Ventrach Cars bietet Ihnen eine unkomplizierte M\u00f6glichkeit, hochwertige Gebrauchtwagen aus Europa zu kaufen. Wir [&hellip;]<\/p>\n","protected":false},"author":1,"featured_media":0,"parent":0,"menu_order":0,"comment_status":"closed","ping_status":"closed","template":"","meta":{"_uag_custom_page_level_css":"","site-sidebar-layout":"default","site-content-layout":"","ast-site-content-layout":"default","site-content-style":"default","site-sidebar-style":"default","ast-global-header-display":"","ast-banner-title-visibility":"","ast-main-header-display":"","ast-hfb-above-header-display":"","ast-hfb-below-header-display":"","ast-hfb-mobile-header-display":"","site-post-title":"disabled","ast-breadcrumbs-content":"","ast-featured-img":"","footer-sml-layout":"","ast-disable-related-posts":"","theme-transparent-header-meta":"enabled","adv-header-id-meta":"","stick-header-meta":"","header-above-stick-meta":"","header-main-stick-meta":"","header-below-stick-meta":"","astra-migrate-meta-layouts":"default","ast-page-background-enabled":"default","ast-page-background-meta":{"desktop":{"background-color":"var(--ast-global-color-4)","background-image":"","background-repeat":"repeat","background-position":"center center","background-size":"auto","background-attachment":"scroll","background-type":"","background-media":"","overlay-type":"","overlay-color":"","overlay-opacity":"","overlay-gradient":""},"tablet":{"background-color":"","background-image":"","background-repeat":"repeat","background-position":"center center","background-size":"auto","background-attachment":"scroll","background-type":"","background-media":"","overlay-type":"","overlay-color":"","overlay-opacity":"","overlay-gradient":""},"mobile":{"background-color":"","background-image":"","background-repeat":"repeat","background-position":"center center","background-size":"auto","background-attachment":"scroll","background-type":"","background-media":"","overlay-type":"","overlay-color":"","overlay-opacity":"","overlay-gradient":""}},"ast-content-background-meta":{"desktop":{"background-color":"var(--ast-global-color-5)","background-image":"","background-repeat":"repeat","background-position":"center center","background-size":"auto","background-attachment":"scroll","background-type":"","background-media":"","overlay-type":"","overlay-color":"","overlay-opacity":"","overlay-gradient":""},"tablet":{"background-color":"var(--ast-global-color-5)","background-image":"","background-repeat":"repeat","background-position":"center center","background-size":"auto","background-attachment":"scroll","background-type":"","background-media":"","overlay-type":"","overlay-color":"","overlay-opacity":"","overlay-gradient":""},"mobile":{"background-color":"var(--ast-global-color-5)","background-image":"","background-repeat":"repeat","background-position":"center center","background-size":"auto","background-attachment":"scroll","background-type":"","background-media":"","overlay-type":"","overlay-color":"","overlay-opacity":"","overlay-gradient":""}},"footnotes":""},"class_list":["post-205","page","type-page","status-publish","hentry"],"uagb_featured_image_src":{"full":false,"thumbnail":false,"medium":false,"medium_large":false,"large":false,"1536x1536":false,"2048x2048":false},"uagb_author_info":{"display_name":"idebrze@gmail.com","author_link":"https:\/\/ventrachcars.com\/?author=1"},"uagb_comment_info":0,"uagb_excerpt":"Fahrzeuge einfach, sicher und transparent kaufen Ventrach Cars bietet Ihnen eine unkomplizierte M\u00f6glichkeit, hochwertige Gebrauchtwagen aus Europa zu kaufen. Wir [&hellip;]","_links":{"self":[{"href":"https:\/\/ventrachcars.com\/index.php?rest_route=\/wp\/v2\/pages\/205","targetHints":{"allow":["GET"]}}],"collection":[{"href":"https:\/\/ventrachcars.com\/index.php?rest_route=\/wp\/v2\/pages"}],"about":[{"href":"https:\/\/ventrachcars.com\/index.php?rest_route=\/wp\/v2\/types\/page"}],"author":[{"embeddable":true,"href":"https:\/\/ventrachcars.com\/index.php?rest_route=\/wp\/v2\/users\/1"}],"replies":[{"embeddable":true,"href":"https:\/\/ventrachcars.com\/index.php?rest_route=%2Fwp%2Fv2%2Fcomments&post=205"}],"version-history":[{"count":9,"href":"https:\/\/ventrachcars.com\/index.php?rest_route=\/wp\/v2\/pages\/205\/revisions"}],"predecessor-version":[{"id":304,"href":"https:\/\/ventrachcars.com\/index.php?rest_route=\/wp\/v2\/pages\/205\/revisions\/304"}],"wp:attachment":[{"href":"https:\/\/ventrachcars.com\/index.php?rest_route=%2Fwp%2Fv2%2Fmedia&parent=205"}],"curies":[{"name":"wp","href":"https:\/\/api.w.org\/{rel}","templated":true}]}}